{"id":3,"date":"2022-02-02T13:22:29","date_gmt":"2022-02-02T13:22:29","guid":{"rendered":"https:\/\/llanosingelectrica.com\/?page_id=3"},"modified":"2022-02-07T21:33:42","modified_gmt":"2022-02-07T21:33:42","slug":"privacy-policy","status":"publish","type":"page","link":"https:\/\/llanosingelectrica.com\/en\/privacy-policy\/","title":{"rendered":"Privacy Policy"},"content":{"rendered":"<div data-elementor-type=\"wp-page\" data-elementor-id=\"3\" class=\"elementor elementor-3\">\n\t\t\t\t\t\t<section class=\"elementor-section elementor-top-section elementor-element elementor-element-12751947 elementor-section-boxed elementor-section-height-default elementor-section-height-default\" data-id=\"12751947\" data-element_type=\"section\">\n\t\t\t\t\t\t<div class=\"elementor-container elementor-column-gap-default\">\n\t\t\t\t\t<div class=\"elementor-column elementor-col-100 elementor-top-column elementor-element elementor-element-2917c31f\" data-id=\"2917c31f\" data-element_type=\"column\">\n\t\t\t<div class=\"elementor-widget-wrap elementor-element-populated\">\n\t\t\t\t\t\t<div class=\"elementor-element elementor-element-eea9e85 elementor-widget elementor-widget-text-editor\" data-id=\"eea9e85\" data-element_type=\"widget\" data-widget_type=\"text-editor.default\">\n\t\t\t\t<div class=\"elementor-widget-container\">\n\t\t\t\t\t\t\t<!-- wp:heading -->\n<p><span style=\"vertical-align: inherit;\"><span style=\"vertical-align: inherit;\">Quienes somos<\/span><\/span><\/p>\n<p><span style=\"vertical-align: inherit;\"><span style=\"vertical-align: inherit;\">Texto sugerido: La direcci\u00f3n de nuestro sitio web es: https:\/\/llanosingelectrica.com.<\/span><\/span><\/p>\n<p><span style=\"vertical-align: inherit;\"><span style=\"vertical-align: inherit;\">Comentarios<\/span><\/span><\/p>\n<p><span style=\"vertical-align: inherit;\"><span style=\"vertical-align: inherit;\">Texto sugerido: cuando los visitantes dejan comentarios en el sitio, recopilamos los datos que se muestran en el formulario de comentarios, y tambi\u00e9n la direcci\u00f3n IP del visitante y la cadena del agente de usuario del navegador para ayudar a la detecci\u00f3n de spam.<\/span><\/span><\/p>\n<p><span style=\"vertical-align: inherit;\"><span style=\"vertical-align: inherit;\">Se puede proporcionar una cadena an\u00f3nima creada a partir de su direcci\u00f3n de correo electr\u00f3nico (tambi\u00e9n llamada hash) al servicio Gravatar para ver si la est\u00e1 utilizando. La pol\u00edtica de privacidad del servicio Gravatar est\u00e1 disponible aqu\u00ed: https:\/\/automattic.com\/privacy\/. Despu\u00e9s de la aprobaci\u00f3n de su comentario, su foto de perfil es visible para el p\u00fablico en el contexto de su comentario.<\/span><\/span><\/p>\n<p><span style=\"vertical-align: inherit;\"><span style=\"vertical-align: inherit;\">Media<\/span><\/span><\/p>\n<p><span style=\"vertical-align: inherit;\"><span style=\"vertical-align: inherit;\">Texto sugerido: Si subes im\u00e1genes al sitio web, debes evitar subir im\u00e1genes con datos de ubicaci\u00f3n incrustados (GPS EXIF) incluidos. Los visitantes del sitio web pueden descargar y extraer cualquier dato de ubicaci\u00f3n de las im\u00e1genes del sitio web.<\/span><\/span><\/p>\n<p><span style=\"vertical-align: inherit;\"><span style=\"vertical-align: inherit;\">Galletas<\/span><\/span><\/p>\n<p><span style=\"vertical-align: inherit;\"><span style=\"vertical-align: inherit;\">Texto sugerido: si deja un comentario en nuestro sitio, puede optar por guardar su nombre, direcci\u00f3n de correo electr\u00f3nico y sitio web en cookies. Estos son para su comodidad, para que no tenga que volver a rellenar sus datos cuando deje otro comentario. Estas cookies tendr\u00e1n una duraci\u00f3n de un a\u00f1o.<\/span><\/span><\/p>\n<p><span style=\"vertical-align: inherit;\"><span style=\"vertical-align: inherit;\">Si visita nuestra p\u00e1gina de inicio de sesi\u00f3n, estableceremos una cookie temporal para determinar si su navegador acepta cookies. Esta cookie no contiene datos personales y se descarta cuando cierra su navegador.<\/span><\/span><\/p>\n<p><span style=\"vertical-align: inherit;\"><span style=\"vertical-align: inherit;\">Cuando inicie sesi\u00f3n, tambi\u00e9n configuraremos varias cookies para guardar su informaci\u00f3n de inicio de sesi\u00f3n y sus opciones de visualizaci\u00f3n de pantalla. Las cookies de inicio de sesi\u00f3n duran dos d\u00edas y las cookies de opciones de pantalla duran un a\u00f1o. Si selecciona \u00abRecordarme\u00bb, su inicio de sesi\u00f3n persistir\u00e1 durante dos semanas. Si cierra sesi\u00f3n en su cuenta, se eliminar\u00e1n las cookies de inicio de sesi\u00f3n.<\/span><\/span><\/p>\n<p><span style=\"vertical-align: inherit;\"><span style=\"vertical-align: inherit;\">Si edita o publica un art\u00edculo, se guardar\u00e1 una cookie adicional en su navegador. Esta cookie no incluye datos personales y simplemente indica el ID de publicaci\u00f3n del art\u00edculo que acaba de editar. Caduca despu\u00e9s de 1 d\u00eda.<\/span><\/span><\/p>\n<p><span style=\"vertical-align: inherit;\"><span style=\"vertical-align: inherit;\">Contenido incrustado de otros sitios web<\/span><\/span><\/p>\n<p><span style=\"vertical-align: inherit;\"><span style=\"vertical-align: inherit;\">Texto sugerido: los art\u00edculos de este sitio pueden incluir contenido incrustado (por ejemplo, videos, im\u00e1genes, art\u00edculos, etc.). El contenido incrustado de otros sitios web se comporta exactamente de la misma manera que si el visitante hubiera visitado el otro sitio web.<\/span><\/span><\/p>\n<p><span style=\"vertical-align: inherit;\"><span style=\"vertical-align: inherit;\">Estos sitios web pueden recopilar datos sobre usted, usar cookies, incrustar un seguimiento adicional de terceros y monitorear su interacci\u00f3n con ese contenido incrustado, incluido el seguimiento de su interacci\u00f3n con el contenido incrustado si tiene una cuenta y ha iniciado sesi\u00f3n en ese sitio web.<\/span><\/span><\/p>\n<p><span style=\"vertical-align: inherit;\"><span style=\"vertical-align: inherit;\">Con qui\u00e9n compartimos sus datos<\/span><\/span><\/p>\n<p><span style=\"vertical-align: inherit;\"><span style=\"vertical-align: inherit;\">Texto sugerido: si solicita un restablecimiento de contrase\u00f1a, su direcci\u00f3n IP se incluir\u00e1 en el correo electr\u00f3nico de restablecimiento.<\/span><\/span><\/p>\n<p><span style=\"vertical-align: inherit;\"><span style=\"vertical-align: inherit;\">Cu\u00e1nto tiempo conservamos sus datos<\/span><\/span><\/p>\n<p><span style=\"vertical-align: inherit;\"><span style=\"vertical-align: inherit;\">Texto sugerido: si deja un comentario, el comentario y sus metadatos se conservan indefinidamente. Esto es para que podamos reconocer y aprobar cualquier comentario de seguimiento autom\u00e1ticamente en lugar de mantenerlos en una cola de moderaci\u00f3n.<\/span><\/span><\/p>\n<p><span style=\"vertical-align: inherit;\"><span style=\"vertical-align: inherit;\">Para los usuarios que se registran en nuestro sitio web (si los hay), tambi\u00e9n almacenamos la informaci\u00f3n personal que proporcionan en su perfil de usuario. Todos los usuarios pueden ver, editar o eliminar su informaci\u00f3n personal en cualquier momento (excepto que no pueden cambiar su nombre de usuario). Los administradores del sitio web tambi\u00e9n pueden ver y editar esa informaci\u00f3n.<\/span><\/span><\/p>\n<p><span style=\"vertical-align: inherit;\"><span style=\"vertical-align: inherit;\">Qu\u00e9 derechos tienes sobre tus datos<\/span><\/span><\/p>\n<p><span style=\"vertical-align: inherit;\"><span style=\"vertical-align: inherit;\">Texto sugerido: si tiene una cuenta en este sitio o ha dejado comentarios, puede solicitar recibir un archivo exportado de los datos personales que tenemos sobre usted, incluidos los datos que nos haya proporcionado. Tambi\u00e9n puede solicitar que eliminemos cualquier dato personal que tengamos sobre usted. Esto no incluye ning\u00fan dato que estemos obligados a conservar con fines administrativos, legales o de seguridad.<\/span><\/span><\/p>\n<p><span style=\"vertical-align: inherit;\"><span style=\"vertical-align: inherit;\">Donde enviamos tus datos<\/span><\/span><\/p>\n<p><span style=\"vertical-align: inherit;\"><span style=\"vertical-align: inherit;\">Texto sugerido: Es posible que los comentarios de los visitantes los revise un servicio de detecci\u00f3n autom\u00e1tica de spam.<\/span><\/span><\/p>\n<!-- \/wp:paragraph -->\t\t\t\t\t\t<\/div>\n\t\t\t\t<\/div>\n\t\t\t\t<div class=\"elementor-element elementor-element-980a3b9 elementor-widget elementor-widget-heading\" data-id=\"980a3b9\" data-element_type=\"widget\" data-widget_type=\"heading.default\">\n\t\t\t\t<div class=\"elementor-widget-container\">\n\t\t\t<h2 class=\"elementor-heading-title elementor-size-default\">Pol\u00edtica de tratamiento de datos<\/h2>\t\t<\/div>\n\t\t\t\t<\/div>\n\t\t\t\t<div class=\"elementor-element elementor-element-664f0d1 elementor-widget elementor-widget-text-editor\" data-id=\"664f0d1\" data-element_type=\"widget\" data-widget_type=\"text-editor.default\">\n\t\t\t\t<div class=\"elementor-widget-container\">\n\t\t\t\t\t\t\t<p><span style=\"vertical-align: inherit;\"><span style=\"vertical-align: inherit;\">Esta p\u00e1gina web es propiedad y est\u00e1 operado por [nombre del operador de tu p\u00e1gina web]. Estos T\u00e9rminos establecen los t\u00e9rminos y condiciones bajo los cuales t\u00fa puedes usar nuestra p\u00e1gina web y servicios ofrecidos por nosotros. Esta p\u00e1gina web ofrece a los visitantes [descripci\u00f3n de lo que se ofrece en tu sitio web]. Al acceder o usar la p\u00e1gina web de nuestro servicio, usted aprueba que haya le\u00eddo, entendido y aceptado estar sujeto a estos T\u00e9rminos:<\/span><\/span><\/p>\n<p><span style=\"vertical-align: inherit;\"><span style=\"vertical-align: inherit;\">Para usar nuestra p\u00e1gina web y \/ o recibir nuestros servicios, debes tener al menos [agregar n\u00famero] a\u00f1os de edad, o la mayor\u00eda de edad legal en tu jurisdicci\u00f3n, y poseer la autoridad legal, el derecho y la libertad para participar en estos T\u00e9rminos como un acuerdo vinculante. No tienes permitido utilizar esta p\u00e1gina web y \/ o recibir servicios si hacerlo est\u00e1 prohibido en tu pa\u00eds o en virtud de cualquier ley o regulaci\u00f3n aplicable a tu caso.<\/span><\/span><\/p>\n<p><span style=\"vertical-align: inherit;\"><span style=\"vertical-align: inherit;\">Al comprar un art\u00edculo, aceptas que: (i) eres responsable de leer el listado completo del art\u00edculo antes de comprometerte a comprarlo: (ii) celebras un contrato legalmente vinculante para comprar un art\u00edculo cuando te comprometed a comprar un art\u00edculo y completar el proceso de check-out.<\/span><\/span><\/p>\n<p><span style=\"vertical-align: inherit;\"><span style=\"vertical-align: inherit;\">Los precios que cobramos por usar nuestros servicios \/ para nuestros productos se enumeran en la p\u00e1gina web. Nos reservamos el derecho de cambiar nuestros precios para los productos que se muestran en cualquier momento y de corregir los errores de precios que pueden ocurrir inadvertidamente. Informaci\u00f3n adicional sobre precios e impuestos sobre las ventas est\u00e1 disponible en la p\u00e1gina de pagos.<\/span><\/span><\/p>\n<p><span style=\"vertical-align: inherit;\"><span style=\"vertical-align: inherit;\">\u00abLa tarifa por los servicios y cualquier otro cargo que pueda incurrir en relaci\u00f3n con tu uso del servicio, como los impuestos y las posibles tarifas de transacci\u00f3n, se cobrar\u00e1n mensualmente a tu m\u00e9todo de pago.<\/span><\/span><\/p>\n<p><span style=\"vertical-align: inherit;\"><span style=\"vertical-align: inherit;\">Pol\u00edtica de devoluciones y reembolsos<\/span><\/span><span style=\"vertical-align: inherit;\"><span style=\"vertical-align: inherit;\">Para cualquier producto no da\u00f1ado, simplemente devu\u00e9lvelo con los accesorios y el paquete incluidos junto con el recibo original (o recibo de regalo) dentro de los 14 d\u00edas posteriores a la fecha que recibiste el producto, y lo cambiaremos o te ofreceremos un reembolso basado en el m\u00e9todo de pago original. Adem\u00e1s, ten en cuenta lo siguiente: (i) Los productos solo se pueden devolver en el pa\u00eds en el que se compraron originalmente; y (ii) los siguientes productos no son elegibles para la devoluci\u00f3n: [lista de art\u00edculos].<\/span><\/span><\/p>\n<p><span style=\"vertical-align: inherit;\"><span style=\"vertical-align: inherit;\">Retenci\u00f3n del derecho a cambiar de oferta<\/span><\/span><\/p>\n<p><span style=\"vertical-align: inherit;\"><span style=\"vertical-align: inherit;\">Podemos, sin aviso previo, cambiar los servicios; dejar de proporcionar los servicios o cualquier caracter\u00edstica de los servicios que ofrecemos; o crear l\u00edmites para los servicios. Podemos suspender de manera permanente o temporal el acceso a los servicios sin previo aviso ni responsabilidad por cualquier motivo, o sin ning\u00fan motivo.<\/span><\/span><\/p>\n<p><span style=\"vertical-align: inherit;\"><span style=\"vertical-align: inherit;\">Garant\u00edas y responsabilidad por servicios y productos<\/span><\/span><\/p>\n<p><span style=\"vertical-align: inherit;\"><span style=\"vertical-align: inherit;\">Cuando recibimos un reclamo de garant\u00eda v\u00e1lido de un producto que vendemos, repararemos el defecto relevante o reemplazaremos el producto. Si no podemos reparar o reemplazar el producto dentro de un tiempo razonable, el cliente tendr\u00e1 derecho a un reembolso total cuando nos devuelva el producto. Pagaremos el env\u00edo de los productos reparados o reemplazados al cliente y el cliente ser\u00e1 responsable de devolvernos el producto.<\/span><\/span><\/p>\n<p><span style=\"vertical-align: inherit;\"><span style=\"vertical-align: inherit;\">Posesi\u00f3n de propiedad intelectual, derechos de autor y logos.<\/span><\/span><\/p>\n<p><span style=\"vertical-align: inherit;\"><span style=\"vertical-align: inherit;\">El Servicio y todos los materiales incluidos o transferidos, incluyendo, sin limitaci\u00f3n, software, im\u00e1genes, texto, gr\u00e1ficos, logotipos, patentes, marcas registradas, marcas de servicio, derechos de autor, fotograf\u00edas, audio, videos, m\u00fasica y todos los Derechos de Propiedad Intelectual relacionados con ellos, son la propiedad exclusiva de [Nombre del propietario de la p\u00e1gina web]. Salvo que se indique expl\u00edcitamente en este documento, no se considerar\u00e1 que nada en estos T\u00e9rminos crea una licencia en o bajo ninguno de dichos Derechos de Propiedad Intelectual, y tu aceptas no vender, licenciar, alquilar, modificar, distribuir, copiar, reproducir, transmitir, exhibir p\u00fablicamente, realizar p\u00fablicamente, publicar, adaptar, editar o crear trabajos derivados de los mismos.<\/span><\/span><\/p>\n<p><span style=\"vertical-align: inherit;\"><span style=\"vertical-align: inherit;\">Derecho a suspender o cancelar la cuenta de usuario<\/span><\/span><\/p>\n<p><span style=\"vertical-align: inherit;\"><span style=\"vertical-align: inherit;\">Podemos terminar o suspender de manera permanente o temporal tu acceso al servicio sin previo aviso y responsabilidad por cualquier raz\u00f3n, incluso si a nuestra sola determinaci\u00f3n tu viola alguna disposici\u00f3n de estos T\u00e9rminos o cualquier ley o regulaci\u00f3n aplicable. Puedes descontinuar el uso y solicitar cancelar tu cuenta y \/ o cualquier servicio en cualquier momento. Sin perjuicio de lo contrario en lo que antecede, con respecto a las suscripciones renovadas autom\u00e1ticamente a los servicios pagados, dichas suscripciones se suspender\u00e1n solo al vencimiento del per\u00edodo correspondiente por el que ya has realizado el pago.<\/span><\/span><\/p>\n<p><span style=\"vertical-align: inherit;\"><span style=\"vertical-align: inherit;\">Indemnizaci\u00f3n<\/span><\/span><\/p>\n<p><span style=\"vertical-align: inherit;\"><span style=\"vertical-align: inherit;\">Usted acuerda indemnizar y eximir de responsabilidad a [propietario del sitio web] de cualquier demanda, p\u00e9rdida, responsabilidad, reclamaci\u00f3n o gasto (incluidos los honorarios de abogados) que terceros realicen en tu contra como consecuencia de, o derivado de, o en relaci\u00f3n con tu uso de la p\u00e1gina web o cualquiera de los servicios ofrecidos en la p\u00e1gina web<\/span><\/span><\/p>\n<p><span style=\"vertical-align: inherit;\"><span style=\"vertical-align: inherit;\">Limitaci\u00f3n de responsabilidad<\/span><\/span><\/p>\n<p><span style=\"vertical-align: inherit;\"><span style=\"vertical-align: inherit;\">En la m\u00e1xima medida permitida por la ley aplicable, [el propietario la p\u00e1gina web] no asume responsabilidad alguna por (i) errores, errores o inexactitudes de contenido; (ii) lesiones personales o da\u00f1os a la propiedad, de cualquier naturaleza que sean, como resultado de tu acceso o uso de nuestro servicio; y (iii) cualquier acceso no autorizado o uso de nuestros servidores seguros y \/ o toda la informaci\u00f3n personal almacenada en los mismos.<\/span><\/span><\/p>\n<p><span style=\"vertical-align: inherit;\"><span style=\"vertical-align: inherit;\">Derecho a cambiar y modificar los T\u00e9rminos<\/span><\/span><\/p>\n<p><span style=\"vertical-align: inherit;\"><span style=\"vertical-align: inherit;\">Nos reservamos el derecho de modificar estos t\u00e9rminos de vez en cuando a nuestra entera discreci\u00f3n. Por lo tanto, debes revisar estas p\u00e1ginas peri\u00f3dicamente. Cuando cambiemos los T\u00e9rminos de una manera material, te notificaremos que se han realizado cambios importantes en los T\u00e9rminos. El uso continuado de la p\u00e1gina web o nuestro servicio despu\u00e9s de dicho cambio constituye tu aceptaci\u00f3n de los nuevos T\u00e9rminos. Si no aceptas alguno de estos t\u00e9rminos o cualquier versi\u00f3n futura de los T\u00e9rminos, no uses o accedas (o contin\u00faes accediendo) a la p\u00e1gina web o al servicio.<\/span><\/span><\/p>\n<p><span style=\"vertical-align: inherit;\"><span style=\"vertical-align: inherit;\">Preferencia de ley y resoluci\u00f3n de disputas<\/span><\/span><\/p>\n<p><span style=\"vertical-align: inherit;\"><span style=\"vertical-align: inherit;\">Estos T\u00e9rminos, los derechos y recursos provistos aqu\u00ed, y todos y cada uno de los reclamos y disputas relacionados con este y \/ o los servicios, se regir\u00e1n, interpretar\u00e1n y aplicar\u00e1n en todos los aspectos \u00fanica y exclusivamente de conformidad con las leyes sustantivas internas de [ Nombre del pa\u00eds \/ estado], sin respeto a sus principios de conflicto de leyes. Todos los reclamos y disputas se presentar\u00e1n y usted acepta que sean decididos exclusivamente por un tribunal de jurisdicci\u00f3n competente ubicada en [Nombre de la ciudad de los tribunales]. La aplicaci\u00f3n de la Convenci\u00f3n de Contratos de las Naciones Unidas para la Venta Internacional de Bienes queda expresamente excluida.<\/span><\/span><\/p>\n<p>\u00a0<\/p>\n<p>\u00a0<\/p>\t\t\t\t\t\t<\/div>\n\t\t\t\t<\/div>\n\t\t\t\t\t<\/div>\n\t\t<\/div>\n\t\t\t\t\t<\/div>\n\t\t<\/section>\n\t\t\t\t<\/div>","protected":false},"excerpt":{"rendered":"<p>Quienes somos Texto sugerido: La direcci\u00f3n de nuestro sitio web es: https:\/\/llanosingelectrica.com. Comentarios Texto sugerido: cuando los visitantes dejan comentarios en el sitio, recopilamos los datos que se muestran en el formulario de comentarios, y tambi\u00e9n la direcci\u00f3n IP del visitante y la cadena del agente de usuario del navegador para ayudar a la detecci\u00f3n &hellip;<\/p>\n<p class=\"read-more\"> <a class=\"\" href=\"https:\/\/llanosingelectrica.com\/en\/privacy-policy\/\"> <span class=\"screen-reader-text\">Privacy Policy<\/span> Read More &raquo;<\/a><\/p>","protected":false},"author":1,"featured_media":0,"parent":0,"menu_order":0,"comment_status":"closed","ping_status":"open","template":"","meta":{"site-sidebar-layout":"no-sidebar","site-content-layout":"default","ast-main-header-display":"disabled","ast-hfb-above-header-display":"","ast-hfb-below-header-display":"","ast-hfb-mobile-header-display":"","site-post-title":"disabled","ast-breadcrumbs-content":"","ast-featured-img":"","footer-sml-layout":"disabled","theme-transparent-header-meta":"","adv-header-id-meta":"","stick-header-meta":"","header-above-stick-meta":"","header-main-stick-meta":"","header-below-stick-meta":"","_joinchat":{"telephone":"+573103530119"},"footnotes":""},"class_list":["post-3","page","type-page","status-publish","hentry"],"_links":{"self":[{"href":"https:\/\/llanosingelectrica.com\/en\/wp-json\/wp\/v2\/pages\/3","targetHints":{"allow":["GET"]}}],"collection":[{"href":"https:\/\/llanosingelectrica.com\/en\/wp-json\/wp\/v2\/pages"}],"about":[{"href":"https:\/\/llanosingelectrica.com\/en\/wp-json\/wp\/v2\/types\/page"}],"author":[{"embeddable":true,"href":"https:\/\/llanosingelectrica.com\/en\/wp-json\/wp\/v2\/users\/1"}],"replies":[{"embeddable":true,"href":"https:\/\/llanosingelectrica.com\/en\/wp-json\/wp\/v2\/comments?post=3"}],"version-history":[{"count":10,"href":"https:\/\/llanosingelectrica.com\/en\/wp-json\/wp\/v2\/pages\/3\/revisions"}],"predecessor-version":[{"id":1207,"href":"https:\/\/llanosingelectrica.com\/en\/wp-json\/wp\/v2\/pages\/3\/revisions\/1207"}],"wp:attachment":[{"href":"https:\/\/llanosingelectrica.com\/en\/wp-json\/wp\/v2\/media?parent=3"}],"curies":[{"name":"wp","href":"https:\/\/api.w.org\/{rel}","templated":true}]}}