{"id":2792,"date":"2025-07-06T12:19:07","date_gmt":"2025-07-06T12:19:07","guid":{"rendered":"https:\/\/llanosingelectrica.com\/?page_id=2792"},"modified":"2025-07-06T14:35:55","modified_gmt":"2025-07-06T14:35:55","slug":"demo-pq","status":"publish","type":"page","link":"https:\/\/llanosingelectrica.com\/en\/demo-pq\/","title":{"rendered":"pqrs"},"content":{"rendered":"<div data-elementor-type=\"wp-page\" data-elementor-id=\"2792\" class=\"elementor elementor-2792\">\n\t\t\t\t\t\t<section class=\"elementor-section elementor-top-section elementor-element elementor-element-acf3dc2 elementor-section-full_width elementor-section-height-min-height elementor-section-height-default elementor-section-items-middle\" data-id=\"acf3dc2\" data-element_type=\"section\" data-settings=\"{&quot;background_background&quot;:&quot;classic&quot;,&quot;shape_divider_bottom&quot;:&quot;sdpfe-papertear-001&quot;}\">\n\t\t\t\t\t\t\t<div class=\"elementor-background-overlay\"><\/div>\n\t\t\t\t\t\t<div class=\"elementor-shape elementor-shape-bottom\" data-negative=\"false\">\n\t\t\t<svg xmlns=\"http:\/\/www.w3.org\/2000\/svg\" viewbox=\"0 0 1000 100\" preserveaspectratio=\"none\">\n<path class=\"elementor-shape-fill\" d=\"M1002.3-6.4H-4.3v46.3h2V46c0.1,0,3.1,2.1,3.4,2.1c0.7,0.1,1.9,0,2.5,0.3c0.4,0.2,0.3,0.6,0.9,0.8c0.4,0.1,0.9,0.2,1.2,0.4\tc0.5,0.2,0.8,0.1,1.3,0.2c0.5,0.1,0.9,0.4,1.3,0.5c0.7,0.3,1,0.5,1.9,0.4c1.7-0.2,2.1-1.3,3.5-1.6c0.2,1.2,1.8,2.1,2.9,3.1\tc0.9,0,1.6-0.5,2.3-0.8c0.6-0.3,1.1-0.4,1.7-0.7c0.9-0.4,1.6-0.9,2.5-1.2c0.8-0.3,1.1-0.6,1.7-1c0.7-0.4,1-0.8,2-1\tc0.7-0.1,1.5-0.2,2.1,0c0.7,0.3,0.6,1,1.2,1.4c0.6,0.3,2.5,0.1,3.2,0.1c1.4,0,2.9,0,3.5,0.8c1.7,0.1,2.8-0.9,3.9-1.4\tc1.5-0.7,3-1.3,5-1.4c2.9-0.1,5.5,0.8,8.3,1.2c0.6,0.1,1.3,0.1,1.9,0.2c1,0.1,1.3,0.7,1.7,1.2c0.4,0.4,0.8,0.6,1.5,0.7\tc0.5,0.1,1.6,0.4,2.1,0.4c1.7,0,2-1.4,3.2-1.9c1.5-0.6,3.7-0.7,5.5-0.7c0.5,0,1.1,0,1.6,0c0.7,0,0.7,0.1,0.9,0.6\tc0.3,0.6,0.5,1.2,0.9,1.7c0.4,0,0.9-0.5,1.2-0.6c0.7-0.5,1.6-0.9,2.6-1.1c0.5-0.1,0.8-0.2,1.2-0.3c0.5-0.2,1-0.1,1.5-0.2\tc0.3,0,0.5-0.1,0.9-0.1c0.6,0,1.2,0,1.8,0c0.5,0,1,0,1.5,0c0.5,0.1,1,0.2,1.6,0.3c0.7,0.1,1.2,0.1,1.8-0.1c1.2-0.3,2.5-0.4,3.8-0.6\tc0.8-0.1,1.8-0.1,2.7-0.1c0.9,0,1.1,0,1.3-0.6c0.2-0.7,0.2-1.5,0.7-2.2c1.4-0.1,1.7,0.4,2.6,0.9c0.6,0.3,1.2,0.3,1.9,0.3\tc0.8,0.1,1.1,0.4,1.7,0.6c0.8,0.3,1.8,0.4,2.5,0.7c0.1,0.1,0.2,0.2,0.3,0.2c0.2,0,0.3,0,0.4,0.1c0.2,0.1,0.2,0.3,0.5,0.4\tc0.8-0.2,0.1-0.9,0.7-1.2c0.2-0.1,1.3,0,1.4,0c1,0,1.5,0.1,2.2,0.4c1.2,0.5,2,0.5,3.4,0.1c1.3-0.4,1.9-0.2,2.9,0.3\tc1,0.5,2.3,0.8,3.4,1.2c0.8,0.3,1.9,0.9,2.9,0.7c0.7-0.1,1.3-0.4,2-0.4c0.3,0,0.5,0,0.8,0c0.1,0,0.2-0.2,0.2-0.2\tc0.5-0.2,0.8-0.3,1.1-0.6c0.3-0.3,0.5-0.7,0.8-0.9c0.4-0.3,0.9-0.5,1.1-0.9c0.1-0.2,0.1-0.2,0.3-0.4c0.2-0.1,0.4,1.4,0.5,1.3\tc0,0,0.1,0,0.1-0.1c0,0.1,0,0.3,0.3,0.3c0.4,0,0.4-0.3,0.5-0.4c0.4-0.3,1.8-0.2,2.4-0.2c0.4,0,0.7,0,1,0.1c0.4,0.1,0.3,0.4,0.6,0.5\tc0.4,0.2,1.3,0,1.8,0c0.7-0.1,1.4-0.1,2.1-0.1c0.4,0,0.8-0.1,1.1,0c0.3,0.1,0.5,0.3,0.9,0.4c0.5,0.1,1,0.2,1.5,0.3\tc0.8,0.2,1.7,0.3,2.6,0.1c0.3-0.1,0.6-0.3,0.9-0.4c1.1-0.3,2.9,0.1,4.1-0.1c0.7-0.1,0.8-0.4,1.2-0.6c0.4-0.2,0.9-0.3,1.2-0.5\tc0.2-0.1,0.6-0.4,0.8-0.4c1.4-0.1,1.6,1.2,2.1,1.7c0.9,0.8,4,0.2,5-0.2c0.6-0.3,0.6-0.6,1.5-0.6c0.4,0,0.9,0,1.3,0\tc0.7,0.1,1.2,0.1,2,0.1c0.4,0,0.9,0.1,1.2-0.1c0.2-0.1,0.4-0.3,0.6-0.5c0.2-0.1,0.6-0.3,0.9-0.4c0.7-0.2,1.6-0.2,2.4-0.3\tc0.8,0,1.2,0.2,1.9,0.4c0.7,0.2,1.4,0.4,2.2,0.6c0.1,0,1.1,0.3,1.3,0.3c0.5-0.1,0.9-0.3,1.4-0.4c1.1-0.2,2.2-0.2,3.2-0.5\tc0.4-0.1,0.8-0.3,1.2-0.4c0.2,0,0.5,0,0.7,0c0.5-0.1,0.9-0.3,1.4-0.4c0.6-0.2,1.4-0.1,2.1-0.1c0.6,0,0.8-0.2,1.4-0.3\tc0.6-0.1,1.4,0,2,0c1.6,0,3.1,0,4.7,0c1.6,0,3.1,0,4.7,0.1c1,0.1,2.1,0.2,3.1,0c0.9-0.1,1.7-0.3,2.5-0.6c0.5-0.2,0.9-0.3,1.2-0.5\tc0.2-0.1,0.3-0.4,0.5-0.5c0.5-0.2,1.6-0.1,2.2-0.1c1,0,2.1,0,3.1-0.1c2-0.2,4.4-0.4,6.3,0c0.7,0.1,1.2,0.3,1.9,0.3\tc1.1,0,2.2,0.1,3.3,0c1-0.1,2-0.4,3-0.5c0.7-0.1,1.5-0.1,2.2-0.2c0.9-0.1,1.6,1.2,2.2,0.8c0.4-0.2,0.8-0.4,1.3-0.5\tc0.2,0,0.3,0,0.5-0.1c0.5-0.2,0.1-0.3,0.8-0.4c1.3-0.2,2.9-0.1,4-0.5c0.5-0.2,0.9-0.3,1.3-0.5c1.6-0.5,3.5-0.5,5.1-0.9\tc0.4-0.1,0.7-0.2,1.1-0.2c1.7-0.1,3.4-0.2,5.1-0.3c1.9,0,3.8,0.1,5.6,0.1c0.7,0,1.3,0.1,2,0.2c1.1,0.1,1.8,0.2,2.7,0.6\tc1,0.4,2.1,0.4,3.1,0.7c0.4,0.1,1.8,0.7,2.4,0.6c0.4,0,0.8-0.1,1.1,0c0.4,0.1,0.6,0.3,0.9,0.4c0.6,0.3,1.3,0.1,1.9,0.2\tc0.3,0.1,0.5,0.3,0.9,0.4c0.2,0,0.5-0.1,0.6,0c0.3,0.1,0.5,0.3,0.9,0.3c0.7,0.1,1.4,0.1,2.1,0.2c0.4,0.1,1.4,0.2,1.7,0\tc0.8-0.3,0.6-1.3,1.4-1.6c0.8-0.4,2.6-0.1,3.7-0.1c1.3,0,2.7,0,4,0c1.1,0,3,0.2,3.9-0.1c1.1-0.3,1.1-0.7,2.4-0.7\tc1,0,1.3,0.2,2.2,0.4c2,0.5,4.1,0.1,6.1,0c2-0.1,2.8,1.6,4.8,1.6c0.6,0,1.2,0,1.9,0c0.4,0,0.8,0,1.1,0c0.1,0,0.3-0.1,0.4-0.1\tc0.8-0.1,1.7-0.1,2.6-0.1c0.6,0,1.2,0,1.8,0c0.5-0.1,1.3-0.2,1.9-0.3c0.2,0,0.3-0.2,0.6-0.2c0.5-0.1,1.6-0.1,2.1,0\tc1,0.1,1.4,0.6,2.5,0.5c0.5,0,1-0.2,1.5-0.2c0.5,0,1,0,1.4,0c0.4,0,0.9-0.2,1.2-0.3c0.6-0.1,1.4-0.2,2.1-0.2c0.9,0,1.7,0.4,2.4,0.7\tc0.7,0.3,1.3,0.7,1.9,1c0.4,0.2,0.6,0.3,1.2,0.4c0.3,0,0.7,0,1,0.1c0.3,0.1,0.5,0.3,0.8,0.3c0.3,0.1,0.7,0,1,0c0.7,0,1.3,0,2,0\tc0.7,0,1.6-0.2,2.4-0.3c0.7-0.1,1.1-0.4,1.7-0.6c0.5-0.3,1.1-0.5,1.6-0.7c0.4-0.2,0.6-0.2,1-0.3c0.9-0.1,1.7,0,2.6,0\tc0.3,0,0.7,0,1,0c0.5,0.1,1,0.3,1.6,0.4c0.7,0.1,1.3,0,2,0.1c0.6,0.1,0.9,0.3,1.4,0.4c0.5,0.1,1,0.1,1.5,0.1c0.8,0.1,1,0.5,1.6,0.8\tc0.5,0.3,1.1,0.6,1.7,0.9c0.3,0.2,0.4,0.3,0.9,0.4c0.5,0.1,1.3,0,1.9,0c0.8,0,1.7,0,2.5,0c0.4,0,0.8,0,1.2-0.1\tc0.5-0.1,0.7-0.2,1.4-0.3c0.6-0.1,1.2,0,1.8-0.2c0.4-0.1,0.8-0.3,1.1-0.4c0.8-0.3,1.5-0.4,2.4-0.4c3.1,0,6.4-0.1,9.4-0.7\tc0.7-0.1,1.3-0.3,2-0.2c0.8,0.1,1.5,0.2,2.3,0.3c0.7,0.2,2.1,0.4,2.2,0.9c0.7,0.1,1.4-0.1,2-0.2c0.6-0.2,1.3-0.2,2-0.2\tc2-0.1,3.9,0.3,5.9,0.1c0.4,0,0.7-0.1,1.2,0c0.4,0.1,0.8,0.2,1.2,0.4c1.6,0.4,3.7,0.5,5.5,0.4c1.5-0.1,2.5-0.7,4-0.7\tc1.5,0,3,0.2,4.4,0.3c1.6,0.1,3.2,0.2,4.7,0.4c1.3,0.1,2.4,0.3,3.7,0.2c0.5,0,1.1,0,1.6,0c0.5,0,0.3,0,0.5-0.2\tc0.4-0.4,0.6-1,1.6-1.1c0.8-0.1,1.2,0.1,1.8,0.2c0.4,0.1,1,0,1.4,0c1,0,1.7,0,2.7-0.3c0.6-0.1,0.9-0.3,1.6-0.3c0.4,0,0.9,0.1,1.3,0\tc0.2,0,0.3-0.1,0.5-0.1c0.5-0.1,1-0.2,1.5-0.2c0.6,0,1.1-0.1,1.6-0.2c0.1,0,0.2-0.1,0.3-0.1c0.1,0,0.2,0,0.3,0\tc0.2,0,0.3,0.1,0.5,0.1c0.6,0.1,1.2,0.2,1.7,0.4c0.9,0.2,1.6,0.3,2.6,0.3c0.5,0,1,0,1.5,0.1c1.9,0.2,3.9,0.3,5.9,0.3\tc1.6,0.1,3,0.4,4.6,0.7c1.1,0.2,2.3,0.2,3.4,0.5c0.9,0.3,1.7,0.9,2.8,1c0.2,0,0.3,0,0.5,0c0.2,0,0.2,0.1,0.3,0.1\tc0.7,0.1,1.3,0.1,2,0.1c0.4,0,1.1,0.1,1.5,0c0.8-0.1,0.8-0.5,1.2-0.8c0.4-0.3,0.9-0.2,1.5-0.2c1.2-0.1,2.4-0.2,3.6-0.2\tc1.5,0,3,0,4.4,0c0.9,0,1.5-0.1,2.3-0.1c0.3,0,0.5-0.1,0.8-0.1c0.2,0,1,0,1.2-0.1c0.4-0.1,0.1-0.5,0.4-0.6c1.4-0.6,3.7,0,5.5,0.1\tc0.9,0.1,1.9,0.3,2.8,0.3c0.4,0,0.7-0.1,1.1-0.1c3-0.3,6.2-0.2,9.3,0c0.8,0.1,3.1,0.3,3.7-0.2c0.4-0.3,0.3-0.6,0.7-0.9\tc0.5-0.3,1-0.3,1.7-0.3c2.1,0,4.2-0.1,6.2-0.1c0.3,0,1.1-0.1,1.4,0c0.4,0.1,0.8,0.4,1.1,0.6c0.5,0.3,0.5,0.3,1.2,0.4\tc0.4,0,0.7,0.1,1,0.1c1.1,0.2,2.1,0.1,3.2,0.1c1,0,2.1,0.1,3.1,0.1c1.4,0,2.8,0,4.2,0c0.4,0,0.8,0.1,1.2,0c0.7-0.1,1.2-0.5,1.6-0.7\tc0.7-0.4,1.3-0.7,2.4-0.7c1,0,1.8,0.1,2.7,0.4c1.2,0.4,1.7,0.8,3.2,0.9c0.7,0,1.3-0.1,1.6,0.2c0.1,0.1,0.1,0.3,0.2,0.4\tc0.1,0.1,0.4,0.3,0.6,0.4c1.1,0.8,3,0.5,4.6,0.5c0.3-0.1,0.3,0,0.6-0.2c0.1,0,0.1-0.1,0.2-0.1c0.1,0,0.3,0,0.5,0\tc0.8,0,1.7-0.1,2.5-0.1c0.3,0,0.6,0,1,0c0.5-0.1,0.9-0.3,1.3-0.5c0.2-0.1,0.4-0.2,0.6-0.3c0.3-0.1,0.7-0.1,1.1-0.1\tc0.5,0,1,0,1.4-0.1c0.4-0.1,0.7,0,1.1-0.1c0.3,0,0.7,0,1,0.1c0.2,0.1,0.5,0.1,0.7,0.2c0.2,0.1,0.2,0.2,0.4,0.2\tc0.3,0.1,0.4,0.2,0.6,0.3c0.4,0.3,0.9,0.6,1.4,0.6c2.3,0,4.9-0.2,7.1,0.3c0.7,0.2,1.4,0.1,2.1,0.3c0.9,0.1,1.7,0.5,2.7,0.6\tc1.6,0.2,3,0.5,4.6,0.8c0.6,0.1,1.4,0.2,2,0.1c2-0.2,2.9-1.4,4.8-1.7c2.6-0.4,5.3-0.2,7.9-0.2c1.2,0,2.4-0.1,3.6,0\tc1.3,0,2.6,0.3,3.9,0.3c1.2,0,2.7,0,3.9,0c1.2-0.1,2.4-0.2,3.6-0.3c1.1,0,2.2-0.1,3.2-0.2c0.8,0,1.7-0.1,2.5-0.2\tc1.1-0.2,2-0.5,3-0.7c0.7-0.1,1.1-0.1,1.8,0c1.5,0.1,3.2,0,4.7,0.3c1,0.1,1.8,0.5,2.8,0.6c0.7,0.1,1.4,0.1,2.2,0.1\tc0.9,0.1,1.9,0,2.8,0.2c0.6,0.1,1,0.1,1.7,0.1c1.4,0,2.5-0.1,3.7-0.3c0.4-0.1,0.5-0.1,0.9-0.1c1,0,2-0.2,3-0.3\tc0.5-0.1,1.3,0,1.7-0.1c0.3-0.1,0.4-0.3,0.6-0.3c0.1,0,0.9,0,1,0c0.5,0,1.1,0,1.6,0c0.6,0,1.2-0.1,1.8-0.2c0.5-0.1,1.3-0.3,1.9-0.2\tc0.4,0,0.7,0.2,1.1,0.2c0.4,0,0.8,0,1.2,0c1.1,0.1,2.3,0.2,3.4,0.1c0.8,0,1.6-0.4,2.4-0.4c0.2,0,0.5,0,0.7,0c0.4,0,0.7-0.1,1.1-0.1\tc1-0.1,2.2-0.1,3.1,0.2c0.8,0.2,1.8,0.6,2.2,1.1c0.3,0.3,0,0.7,0.2,1c0.2,0.3,0.4,0.3,1.1,0.3c0.7,0,1.2,0,1.8-0.1\tc0.5-0.1,0.4-0.1,0.9-0.1c1.3-0.1,1.4-1,2.5-1.2c0.8-0.1,1.8,0.2,2.5,0.3c0.5,0.1,0.9,0.1,1.3,0.1c1,0.1,1.3,0.3,1.6,0.9\tc0.1,0.2,0,0.5,0.1,0.7c0.1,0.3,0.9,0.6,1.3,0.7c1.2,0.4,2.3,0,3.5,0c1.3,0.1,2.4-0.8,2.9-1.5c0.1-0.2,0.5-0.9,0.9-1\tc0.4-0.1,1.3,0.1,1.6,0.2c0.7,0.2,1,0.4,1.9,0.3c0.4,0,0.9,0,1.4,0c1.1,0.1,2,0.7,3,1c0.2,0,1.3,0.8,2,0.1c0.3-0.3,1.6,0.4,2.2,0.5\tc0.8,0.2,1.7,0.2,2.6,0.3c0.5,0,1.2,0.1,1.7,0c0.5-0.1,0.2-0.1,0.6-0.3c0.9-0.5,1.3-0.7,2.6-0.9c0.7-0.1,1.5-0.1,2.2-0.2\tc0.8-0.1,1.6-0.1,2.4-0.1c0.4,0.1,0.6,0.3,1,0.3c0.4,0.1,0.7,0,1.2,0.1c0.5,0,1,0.1,1.5,0.2c0.8,0.1,1.4,0.3,2.3,0.4\tc0.8,0,1.5,0,2.3,0c0.6,0,1,0.1,1.6,0.2c0.6,0.1,1.3,0.1,1.8,0.1c0.6,0,0.8-0.3,1.3-0.4c0.2-0.1,0.5-0.1,0.7-0.1\tc0.1,0,0.6-0.2,0.8-0.3c0.5,0,1,0.2,1.3,0.4c0.6,0.3,1,0.8,1.7,1c0.7,0.2,1.7,0.1,2.4,0.1c1.6,0,3.1,0,4.7,0c1.1,0,2-0.1,2.9-0.4\tc0.6-0.2,0.5-0.4,1-0.6c0.3-0.2,0.8-0.2,1.2-0.1c0.6,0,0.7,0.3,1.2,0.5c0.1,0,0.7,0.1,0.9,0.1c0.3-0.1,0.1-0.1,0.2-0.2\tc0.3-0.2,0.1-0.2,0.5-0.2c0.4-0.1,1.3-0.1,1.8-0.1c1.3-0.1,2.8,0.1,4-0.1c0.5-0.1,0.8-0.2,1.3-0.3c1,0,1.6,0.5,2.5,0.5\tc0.9,0,2.1,0.3,2.8,0c0.4-0.2,0.4-0.4,0.9-0.4c0.3,0,0.7,0,0.9,0c1.6,0,3.2-0.1,4.9-0.1c0.8,0,1.8-0.1,2.6,0.1\tc0.4,0.1,0.6,0.2,1,0.2c0.4,0,0.8,0,1.2,0c0.6,0,1.1,0.1,1.7,0.1c0.6,0,1.2-0.1,1.8-0.1c0.7,0,1.4-0.1,2.1-0.1c0.6,0,1.1,0,1.7,0\tc0.8,0,1.7-0.1,2.4-0.4c0.6-0.2,0.7-0.5,1.1-0.8c0.5-0.3,1.8-0.4,2.5-0.4c0.9-0.1,2,0.1,2.8,0c0.3,0,0.6-0.2,0.9-0.3\tc0.8-0.2,1.7-0.3,2.6-0.3c2.7-0.1,5.6-0.2,8.1,0.3c2.1,0.4,4.3,0.1,6.1-0.5c1.1-0.4,2.1-0.6,3.3-0.4c0.7,0.1,0.9,0.3,1.4,0.5\tc0.4,0.2,0.7,0.1,1.1,0.1c0.5,0,0.9,0.3,1.4,0.4c0.4,0.1,1,0,1.5,0c0.6,0,1.1,0,1.7,0c0.8,0,1.5-0.1,2.2-0.1c0.6,0,1.7-0.1,2.1,0.1\tc0.1,0.1,0.3,0.3,0.5,0.3c0.3,0.1,0.6,0.4,1,0.5c0.3,0.1,0.8,0.1,1.2,0.1c1.4,0.3,2.7,0.6,4.2,0.7c1,0.1,1.2,0.2,2,0.5\tc0.2,0.1,0.3,0.2,0.6,0.2c0.5,0.1,1-0.1,1.4-0.1c0.7-0.1,1.4,0,2.1,0c2.1-0.1,4.9-0.2,6.4-1.1c0.3-0.2,0.3-0.2,0.7-0.2\tc0.3,0,0.7,0,1,0c0.8,0,1.7,0.1,2.4-0.1c0.4-0.1,0.7-0.1,1.1-0.2c0.6-0.1,0.8-0.3,1.4-0.3c0.9,0,1.7,0.2,2.5,0.4\tc0.5,0.1,0.9,0.2,1.5,0.2c0.6,0,1,0,1.5,0.2c0.3,0.2,0.4,0.5,0.9,0.6c0.2,0,0.5,0,0.6,0c0.5,0,1,0,1.5-0.1c0.5-0.1,0.8-0.2,1.2-0.4\tc0.4-0.2,0.8-0.6,1.3-0.8c0.8-0.3,2.3-0.1,3.2-0.1c0.8,0,1.8-0.1,2.6,0c0.1,0.2,0.1,0.5,0.4,0.6c0.3,0.1,0.7,0,1,0\tc0.7,0,1.4,0.2,2.1,0.1c-0.1-0.3,1.6-0.6,1.9-0.8c0.7-0.3,1.2-0.7,1.9-1c0.8-0.3,1.7-0.3,2.6-0.3c0.6,0,1.3-0.1,1.7,0.1\tc0,0.1,0.1,0.2,0.3,0.2c0.5,0.1,1,0.2,1.5,0.2c1.1,0.2,1.5,0.6,2.4,0.9c0.4,0.1,0.9,0.2,1.4,0.1c0.5-0.1,0.7-0.2,1.2-0.4\tc0.5-0.2,1.2-0.4,1.7-0.5c0.7-0.2,0.9-0.4,1.5-0.7c0.3-0.2,0.6-0.3,1-0.4c0.2-0.1,0.4-0.2,0.6-0.3c0.3-0.1,0.5,0,0.8,0\tc0.9,0.1,1.7,0.3,2.5,0.3c0.8,0.1,1.1,0.1,1.8,0.4c1.2,0.5,2.4,0.9,4,0.8c0.3,0,0.6,0,0.9,0c0.9,0,1.1-0.2,1.6-0.6\tc0.4-0.3,0.7-0.7,1.4-0.8c0.6-0.1,0.3-0.1,0.7,0.1c0.9,0.5,1.9,0.8,3,1.1c0.4,0.1,0.6,0.3,1.1,0.3c0.3,0,0.6,0,0.9,0\tc0.8,0,1.8,0.1,2.5-0.2c0.5-0.2,0.9-0.7,1.7-0.7c0.7,0.1,1.4,0.5,2.1,0.6c0.6,0.1,1.3,0.1,2,0.1c0.4,0,0.5-0.1,0.9-0.2\tc0.4-0.1,0.2-0.1,0.8,0c1.1,0.1,2.1,0.4,3.2,0.5c1,0.1,1.8,0.3,2.8,0.5c1.5,0.3,3,0.3,4.4,0c1.5-0.3,2.7-1,4.2-1.4\tc1-0.3,1.6-0.3,2.6-0.1c1.1,0.1,2.2,0,3.3,0.2c1.7,0.3,3.9,0.1,5.7,0.1c0.7,0,1.4,0,2.1-0.1c0.3-0.1,0.7-0.1,1-0.1\tc0.4-0.1,1.2-0.5,1.5-0.6c0.5-0.1,0.8-0.4,1-0.6c0-0.1,0.2-0.2,0.4-0.1c0.5-0.1,1.3,0,1.8,0c1.5,0,3.1-0.1,4.6,0\tc0.7,0,1.2,0.3,1.9,0.4c0.6,0.1,1.4,0,2,0c0.7,0,1.4,0.1,2-0.2c0.5-0.3,0.7-0.6,1.2-0.9c0.6-0.3,1.1-0.3,1.8-0.3\tc1.1,0,1.9,0.1,2.7,0.5c0.4,0.2,0.6,0.4,1,0.7c0.5,0.3,1,0.7,1.6,1c1.2,0.6,2.5,0.5,3.9,0.5c0.6,0,0.7,0,1.1-0.3\tc0.1-0.1,0.4-0.3,0.5-0.4c0.3-0.3,0.3-0.7,0.8-0.9c1.4,0.4,1.2,1.6,2.7,2.1c1.1,0.3,1-0.1,1-0.5c0-0.3,0.1-0.7,0.3-1.1\tc0.1-0.3,0.1-0.3,0.5-0.4c0.3,0,0.5,0,0.8,0c0.8,0,1.6,0,2.3,0.1c0.6,0.1,1.2,0.2,1.8,0.2c0.2,0,0.5-0.1,0.7,0\tc0.3,0.1,0.5,0.5,0.5,0.7c0,0.2-0.2,0.6,0,0.8c0.3,0.3,1.2,0.1,1.6,0.1c1-0.1,2.6-0.2,3-0.8c0.2-0.2,0.2-0.4,0.3-0.7\tc0.6-0.7,2.2-0.4,3.4-0.5c0.6-0.1,1-0.3,1.7-0.4c1.1-0.1,2.6,0.2,3.6,0c0.3-0.1,0.6-0.3,1-0.4c0.7-0.2,1.5-0.3,2.2-0.4\tc0.2,0.7,0.4,1,1.5,1.4c1.9,0.7,4.1,0.4,6.4,0.4c0.3,0,0.7,0.2,1,0.2v-6.1h3V-6.4z\"\/>\n<\/svg>\n\t\t<\/div>\n\t\t\t\t\t<div class=\"elementor-container elementor-column-gap-default\">\n\t\t\t\t\t<div class=\"elementor-column elementor-col-100 elementor-top-column elementor-element elementor-element-b348f5a\" data-id=\"b348f5a\" data-element_type=\"column\">\n\t\t\t<div class=\"elementor-widget-wrap elementor-element-populated\">\n\t\t\t\t\t\t<div class=\"elementor-element elementor-element-ea96904 elementor-widget elementor-widget-heading\" data-id=\"ea96904\" data-element_type=\"widget\" data-widget_type=\"heading.default\">\n\t\t\t\t<div class=\"elementor-widget-container\">\n\t\t\t<h2 class=\"elementor-heading-title elementor-size-default\">Formulario de Peticiones, Quejas, Reclamos y Sugerencias (PQRS)<\/h2>\t\t<\/div>\n\t\t\t\t<\/div>\n\t\t\t\t<section class=\"elementor-section elementor-inner-section elementor-element elementor-element-07a8d54 elementor-section-boxed elementor-section-height-default elementor-section-height-default\" data-id=\"07a8d54\" data-element_type=\"section\">\n\t\t\t\t\t\t<div class=\"elementor-container elementor-column-gap-default\">\n\t\t\t\t\t<div class=\"elementor-column elementor-col-100 elementor-inner-column elementor-element elementor-element-28c3066\" data-id=\"28c3066\" data-element_type=\"column\">\n\t\t\t<div class=\"elementor-widget-wrap elementor-element-populated\">\n\t\t\t\t\t\t<div class=\"elementor-element elementor-element-961c686 elementor-widget elementor-widget-heading\" data-id=\"961c686\" data-element_type=\"widget\" data-widget_type=\"heading.default\">\n\t\t\t\t<div class=\"elementor-widget-container\">\n\t\t\t<h2 class=\"elementor-heading-title elementor-size-default\">Por favor diligencia este formulario para registrar tu solicitud. Nuestro equipo revisar\u00e1 la informaci\u00f3n y dar\u00e1 respuesta en el menor tiempo posible.<\/h2>\t\t<\/div>\n\t\t\t\t<\/div>\n\t\t\t\t\t<\/div>\n\t\t<\/div>\n\t\t\t\t\t<\/div>\n\t\t<\/section>\n\t\t\t\t\t<\/div>\n\t\t<\/div>\n\t\t\t\t\t<\/div>\n\t\t<\/section>\n\t\t\t\t<section class=\"elementor-section elementor-top-section elementor-element elementor-element-c625b0a elementor-section-boxed elementor-section-height-default elementor-section-height-default\" data-id=\"c625b0a\" data-element_type=\"section\">\n\t\t\t\t\t\t<div class=\"elementor-container elementor-column-gap-default\">\n\t\t\t\t\t<div class=\"elementor-column elementor-col-100 elementor-top-column elementor-element elementor-element-b11314e\" data-id=\"b11314e\" data-element_type=\"column\">\n\t\t\t<div class=\"elementor-widget-wrap elementor-element-populated\">\n\t\t\t\t\t\t<div class=\"elementor-element elementor-element-a6e583a elementor-widget elementor-widget-shortcode\" data-id=\"a6e583a\" data-element_type=\"widget\" data-widget_type=\"shortcode.default\">\n\t\t\t\t<div class=\"elementor-widget-container\">\n\t\t\t\t\t<div class=\"elementor-shortcode\">\n<div class=\"wpcf7 no-js\" id=\"wpcf7-f2791-o1\" lang=\"es-ES\" dir=\"ltr\" data-wpcf7-id=\"2791\">\n<div class=\"screen-reader-response\"><p role=\"status\" aria-live=\"polite\" aria-atomic=\"true\"><\/p> <ul><\/ul><\/div>\n<form action=\"\/en\/wp-json\/wp\/v2\/pages\/2792#wpcf7-f2791-o1\" method=\"post\" class=\"wpcf7-form init\" aria-label=\"Formulario de contacto\" novalidate=\"novalidate\" data-status=\"init\" data-trp-original-action=\"\/en\/wp-json\/wp\/v2\/pages\/2792#wpcf7-f2791-o1\">\n<fieldset class=\"hidden-fields-container\"><input type=\"hidden\" name=\"_wpcf7\" value=\"2791\" \/><input type=\"hidden\" name=\"_wpcf7_version\" value=\"6.1\" \/><input type=\"hidden\" name=\"_wpcf7_locale\" value=\"es_ES\" \/><input type=\"hidden\" name=\"_wpcf7_unit_tag\" value=\"wpcf7-f2791-o1\" \/><input type=\"hidden\" name=\"_wpcf7_container_post\" value=\"0\" \/><input type=\"hidden\" name=\"_wpcf7_posted_data_hash\" value=\"\" \/>\n<\/fieldset>\n<p><label>Fecha<\/label><br \/>\n<span class=\"wpcf7-form-control-wrap\" data-name=\"fecha\"><input class=\"wpcf7-form-control wpcf7-date wpcf7-validates-as-date\" aria-invalid=\"false\" value=\"\" type=\"date\" name=\"fecha\" \/><\/span>\n<\/p>\n<p><label>Tipo de Solicitud<\/label><br \/>\n<span class=\"wpcf7-form-control-wrap\" data-name=\"Tipo-de-Solicitud\"><select class=\"wpcf7-form-control wpcf7-select wpcf7-validates-as-required\" aria-required=\"true\" aria-invalid=\"false\" name=\"Tipo-de-Solicitud\"><option value=\"Seleccione una opci\u00f3n\">Seleccione una opci\u00f3n<\/option><option value=\"Petici\u00f3n\">Petici\u00f3n<\/option><option value=\"Queja\">Queja<\/option><option value=\"Reclamo\">Reclamo<\/option><option value=\"Sugerencia\">Sugerencia<\/option><\/select><\/span>\n<\/p>\n<p><label>Cliente<\/label><br \/>\n<span class=\"wpcf7-form-control-wrap\" data-name=\"your-name\"><input size=\"40\" maxlength=\"400\" class=\"wpcf7-form-control wpcf7-text wpcf7-validates-as-required\" autocomplete=\"given-name\" aria-required=\"true\" aria-invalid=\"false\" value=\"\" type=\"text\" name=\"your-name\" \/><\/span>\n<\/p>\n<p><label>Direcci\u00f3n<\/label><br \/>\n<span class=\"wpcf7-form-control-wrap\" data-name=\"direccion\"><input size=\"40\" maxlength=\"400\" class=\"wpcf7-form-control wpcf7-text wpcf7-validates-as-required\" aria-required=\"true\" aria-invalid=\"false\" value=\"\" type=\"text\" name=\"direccion\" \/><\/span>\n<\/p>\n<p><label>Tel\u00e9fono de contacto<\/label><br \/>\n<span class=\"wpcf7-form-control-wrap\" data-name=\"cel\"><input class=\"wpcf7-form-control wpcf7-number wpcf7-validates-as-required wpcf7-validates-as-number\" aria-required=\"true\" aria-invalid=\"false\" value=\"\" type=\"number\" name=\"cel\" \/><\/span>\n<\/p>\n<p><label>Correo electr\u00f3nico<\/label><br \/>\n<span class=\"wpcf7-form-control-wrap\" data-name=\"your-email\"><input size=\"40\" maxlength=\"400\" class=\"wpcf7-form-control wpcf7-email wpcf7-validates-as-required wpcf7-text wpcf7-validates-as-email\" autocomplete=\"email\" aria-required=\"true\" aria-invalid=\"false\" value=\"\" type=\"email\" name=\"your-email\" \/><\/span>\n<\/p>\n<p><label>Recibe<\/label><br \/>\n<span class=\"wpcf7-form-control-wrap\" data-name=\"recibe\"><input size=\"40\" maxlength=\"400\" class=\"wpcf7-form-control wpcf7-text wpcf7-validates-as-required\" aria-required=\"true\" aria-invalid=\"false\" value=\"\" type=\"text\" name=\"recibe\" \/><\/span>\n<\/p>\n<p><label>Cargo<\/label><br \/>\n<span class=\"wpcf7-form-control-wrap\" data-name=\"cargo\"><input size=\"40\" maxlength=\"400\" class=\"wpcf7-form-control wpcf7-text wpcf7-validates-as-required\" aria-required=\"true\" aria-invalid=\"false\" value=\"\" type=\"text\" name=\"cargo\" \/><\/span>\n<\/p>\n<p><label>1.Descripci\u00f3n del Asunto<\/label><br \/>\n<span class=\"wpcf7-form-control-wrap\" data-name=\"descripcion-del-adunto\"><textarea cols=\"40\" rows=\"10\" maxlength=\"2000\" class=\"wpcf7-form-control wpcf7-textarea wpcf7-validates-as-required\" aria-required=\"true\" aria-invalid=\"false\" name=\"descripcion-del-adunto\"><\/textarea><\/span>\n<\/p>\n<p><label>Reportado por<\/label><br \/>\n<span class=\"wpcf7-form-control-wrap\" data-name=\"reportado\"><input size=\"40\" maxlength=\"400\" class=\"wpcf7-form-control wpcf7-text wpcf7-validates-as-required\" aria-required=\"true\" aria-invalid=\"false\" value=\"\" type=\"text\" name=\"reportado\" \/><\/span>\n<\/p>\n<p><input class=\"wpcf7-form-control wpcf7-submit has-spinner\" type=\"submit\" value=\"Send to\" \/>\n<\/p><div class=\"wpcf7-response-output\" aria-hidden=\"true\"><\/div>\n<input type=\"hidden\" name=\"trp-form-language\" value=\"en\"\/><\/form>\n<\/div>\n<\/div>\n\t\t\t\t<\/div>\n\t\t\t\t<\/div>\n\t\t\t\t\t<\/div>\n\t\t<\/div>\n\t\t\t\t\t<\/div>\n\t\t<\/section>\n\t\t\t\t<\/div>","protected":false},"excerpt":{"rendered":"<p>Formulario de Peticiones, Quejas, Reclamos y Sugerencias (PQRS) Por favor diligencia este formulario para registrar tu solicitud. Nuestro equipo revisar\u00e1 la informaci\u00f3n y dar\u00e1 respuesta en el menor tiempo posible.<\/p>","protected":false},"author":1,"featured_media":0,"parent":0,"menu_order":0,"comment_status":"closed","ping_status":"closed","template":"","meta":{"site-sidebar-layout":"no-sidebar","site-content-layout":"page-builder","ast-main-header-display":"","ast-hfb-above-header-display":"","ast-hfb-below-header-display":"","ast-hfb-mobile-header-display":"","site-post-title":"disabled","ast-breadcrumbs-content":"","ast-featured-img":"disabled","footer-sml-layout":"disabled","theme-transparent-header-meta":"","adv-header-id-meta":"","stick-header-meta":"","header-above-stick-meta":"","header-main-stick-meta":"","header-below-stick-meta":"","_joinchat":[],"footnotes":""},"class_list":["post-2792","page","type-page","status-publish","hentry"],"_links":{"self":[{"href":"https:\/\/llanosingelectrica.com\/en\/wp-json\/wp\/v2\/pages\/2792","targetHints":{"allow":["GET"]}}],"collection":[{"href":"https:\/\/llanosingelectrica.com\/en\/wp-json\/wp\/v2\/pages"}],"about":[{"href":"https:\/\/llanosingelectrica.com\/en\/wp-json\/wp\/v2\/types\/page"}],"author":[{"embeddable":true,"href":"https:\/\/llanosingelectrica.com\/en\/wp-json\/wp\/v2\/users\/1"}],"replies":[{"embeddable":true,"href":"https:\/\/llanosingelectrica.com\/en\/wp-json\/wp\/v2\/comments?post=2792"}],"version-history":[{"count":11,"href":"https:\/\/llanosingelectrica.com\/en\/wp-json\/wp\/v2\/pages\/2792\/revisions"}],"predecessor-version":[{"id":2808,"href":"https:\/\/llanosingelectrica.com\/en\/wp-json\/wp\/v2\/pages\/2792\/revisions\/2808"}],"wp:attachment":[{"href":"https:\/\/llanosingelectrica.com\/en\/wp-json\/wp\/v2\/media?parent=2792"}],"curies":[{"name":"wp","href":"https:\/\/api.w.org\/{rel}","templated":true}]}}